{"id":2149,"date":"2024-05-22T07:03:00","date_gmt":"2024-05-22T07:03:00","guid":{"rendered":"https:\/\/petrans-prikolice.hr\/lag\/?page_id=2149"},"modified":"2024-05-22T07:12:36","modified_gmt":"2024-05-22T07:12:36","slug":"zastita-osobnih-podataka","status":"publish","type":"page","link":"https:\/\/petrans-prikolice.hr\/lag\/politika-privatnosti\/","title":{"rendered":"Za\u0161tita osobnih podataka"},"content":{"rendered":"<p>Vlasnik i administrator web stranice www.petrans-prikolice.hr i svih mogu\u0107ih podstranica te web stranice (&#8220;Web stranica&#8221;) je tvrtka Petrans prikolice d.o.o., Karlova\u010dka cesta 217, 10000 Zagreb.<\/p>\n<p>Pristup i kori\u0161tenje Web stranice dopu\u0161teni su pod uvjetima odre\u0111enima va\u017ee\u0107im zakonodavstvom, ovim Op\u0107im uvjetima kori\u0161tenja web stranice (&#8220;Op\u0107i uvjeti kori\u0161tenja&#8221;) te drugim propisima na koje se pozivaju ovi Op\u0107i uvjeti kori\u0161tenja.<\/p>\n<p>Sadr\u017eaj Web stranice<br \/>\nNastojimo da sadr\u017eaj Web stranice bude a\u017euran i sadr\u017ei to\u010dne informacije i materijale, ali ne mo\u017eemo jam\u010diti za njihovu to\u010dnost, potpunost i a\u017euriranost niti smo na to obvezani. Ne snosimo odgovornost za \u0161tetu nastalu zbog nedostupnosti, promjene, nedostataka, pogre\u0161aka ili zastarjelosti informacija objavljenih na Web stranici. Tako\u0111er ne mo\u017eemo jam\u010diti da \u0107e Web stranica ili bilo koji njezin sadr\u017eaj uvijek biti dostupni ili da \u0107e pristup biti nesmetan. Web stranicu ili njezine dijelove mo\u017eemo u bilo kojem trenutku ukloniti ili promijeniti bez prethodne najave.<\/p>\n<p>Sadr\u017eaj objavljen na Web stranici ima op\u0107enitu informativnu svrhu. Ne snosimo odgovornost za kori\u0161tenje informacija objavljenih na na\u0161oj web stranici. Ako Web stranica sadr\u017ei poveznice na druge web stranice i sadr\u017eaje na tim web stranicama, takve poveznice su samo informativne prirode. Nemamo kontrolu ili utjecaj na sadr\u017eaj tih web stranica.<\/p>\n<p>Ako \u017eelite dobiti vi\u0161e informacija o sadr\u017eaju objavljenom na web stranici, kontaktirajte nas na damir.milkovic@petrans-prikolice.hr.<\/p>\n<p>Pravice intelektualne lastnine<br \/>\nMi smo nositelji svih autorskih prava na sadr\u017eaju objavljenom na Web stranici. Za privatnu upotrebu smijete ispisivati, kopirati ili spremiti dijelove Web stranice. Materijale s Web stranice ne smijete koristiti u poslovne svrhe bez na\u0161eg prethodnog pisanog odobrenja.<\/p>\n<p>Na web stranici, \u010diji ste vlasnik, smijete stvarati veze (poveznice) prema vlastitoj Web stranici na na\u010din koji je u skladu sa zakonom i koji ne nanosi \u0161tetu na\u0161em dobrom imenu, ugledu ili poslovanju, niti da se neovla\u0161teno koristite na\u0161im ugledom. Zabranjeno je objavljivanje veza (poveznica) prema Web stranici koje upu\u0107uju ili bi mogle upu\u0107ivati na bilo kakvo povezivanje, suradnju ili potvrdu s na\u0161e strane, a koje zapravo ne postoji.<\/p>\n<p>Pridr\u017eavamo si pravo da u svakom trenutku povu\u010demo dozvolu za objavljivanje veza (poveznica) prema Web stranici i\/ili zahtijevamo da odmah uklonite bilo koju vezu (poveznicu) prema Web stranici, bez navo\u0111enja razloga.<\/p>\n<p>Za\u0161tita osobnih podataka<br \/>\nWeb stranica ne koristi kola\u010di\u0107e (cookies). Vi\u0161e informacija o obradi osobnih podataka mo\u017eete prona\u0107i u Pravilima o privatnosti.<\/p>\n<p>Promjene Op\u0107ih uvjeta kori\u0161tenja<br \/>\nOp\u0107i uvjeti kori\u0161tenja mogu se u bilo kojem trenutku promijeniti. Prilikom posjeta Web stranici nakon stupanja na snagu promjena Op\u0107ih uvjeta kori\u0161tenja, obvezuju vas izmijenjeni Op\u0107i uvjeti kori\u0161tenja, stoga preporu\u010dujemo da povremeno provjerite njihov sadr\u017eaj.<\/p>\n<p>Pravo<br \/>\nOp\u0107i uvjeti kori\u0161tenja podlije\u017eu zakonima Republike Slovenije.<\/p>\n<p>Kontakt<br \/>\nZa bilo kakva pitanja u vezi s ovim Op\u0107im uvjetima kori\u0161tenja, molimo kontaktirajte nas na damir.milkovic@petrans-prikolice.hr<\/p>\n","protected":false},"excerpt":{"rendered":"<p>Vlasnik i administrator web stranice www.petrans-prikolice.hr i svih mogu\u0107ih podstranica te web stranice (&#8220;Web stranica&#8221;) je tvrtka Petrans prikolice d.o.o., Karlova\u010dka cesta 217, 10000 Zagreb. Pristup i kori\u0161tenje Web stranice dopu\u0161teni su pod uvjetima odre\u0111enima va\u017ee\u0107im zakonodavstvom, ovim Op\u0107im uvjetima kori\u0161tenja web stranice (&#8220;Op\u0107i uvjeti kori\u0161tenja&#8221;) te drugim propisima na koje se pozivaju ovi Op\u0107i [&hellip;]<\/p>\n","protected":false},"author":1,"featured_media":0,"parent":0,"menu_order":0,"comment_status":"closed","ping_status":"closed","template":"","meta":{"footnotes":"","_breakdance_hide_in_design_set":false,"_breakdance_tags":""},"acf":[],"yoast_head":"<!-- This site is optimized with the Yoast SEO plugin v22.6 - https:\/\/yoast.com\/wordpress\/plugins\/seo\/ -->\n<title>Za\u0161tita osobnih podataka - Petrans prikolice d.o.o.<\/title>\n<meta name=\"robots\" content=\"index, follow, max-snippet:-1, max-image-preview:large, max-video-preview:-1\" \/>\n<link rel=\"canonical\" href=\"https:\/\/petrans-prikolice.hr\/lag\/politika-privatnosti\/\" \/>\n<meta property=\"og:locale\" content=\"en_US\" \/>\n<meta property=\"og:type\" content=\"article\" \/>\n<meta property=\"og:title\" content=\"Za\u0161tita osobnih podataka - Petrans prikolice d.o.o.\" \/>\n<meta property=\"og:description\" content=\"Vlasnik i administrator web stranice www.petrans-prikolice.hr i svih mogu\u0107ih podstranica te web stranice (&#8220;Web stranica&#8221;) je tvrtka Petrans prikolice d.o.o., Karlova\u010dka cesta 217, 10000 Zagreb. Pristup i kori\u0161tenje Web stranice dopu\u0161teni su pod uvjetima odre\u0111enima va\u017ee\u0107im zakonodavstvom, ovim Op\u0107im uvjetima kori\u0161tenja web stranice (&#8220;Op\u0107i uvjeti kori\u0161tenja&#8221;) te drugim propisima na koje se pozivaju ovi Op\u0107i [&hellip;]\" \/>\n<meta property=\"og:url\" content=\"https:\/\/petrans-prikolice.hr\/lag\/politika-privatnosti\/\" \/>\n<meta property=\"og:site_name\" content=\"Petrans prikolice d.o.o.\" \/>\n<meta property=\"article:modified_time\" content=\"2024-05-22T07:12:36+00:00\" \/>\n<meta name=\"twitter:card\" content=\"summary_large_image\" \/>\n<meta name=\"twitter:label1\" content=\"Est. reading time\" \/>\n\t<meta name=\"twitter:data1\" content=\"2 minutes\" \/>\n<script type=\"application\/ld+json\" class=\"yoast-schema-graph\">{\"@context\":\"https:\/\/schema.org\",\"@graph\":[{\"@type\":\"WebPage\",\"@id\":\"https:\/\/petrans-prikolice.hr\/lag\/politika-privatnosti\/\",\"url\":\"https:\/\/petrans-prikolice.hr\/lag\/politika-privatnosti\/\",\"name\":\"Za\u0161tita osobnih podataka - Petrans prikolice d.o.o.\",\"isPartOf\":{\"@id\":\"https:\/\/petrans-prikolice.hr\/lag\/#website\"},\"datePublished\":\"2024-05-22T07:03:00+00:00\",\"dateModified\":\"2024-05-22T07:12:36+00:00\",\"breadcrumb\":{\"@id\":\"https:\/\/petrans-prikolice.hr\/lag\/politika-privatnosti\/#breadcrumb\"},\"inLanguage\":\"en-US\",\"potentialAction\":[{\"@type\":\"ReadAction\",\"target\":[\"https:\/\/petrans-prikolice.hr\/lag\/politika-privatnosti\/\"]}]},{\"@type\":\"BreadcrumbList\",\"@id\":\"https:\/\/petrans-prikolice.hr\/lag\/politika-privatnosti\/#breadcrumb\",\"itemListElement\":[{\"@type\":\"ListItem\",\"position\":1,\"name\":\"Home\",\"item\":\"http:\/\/petrans-prikolice.hr\/lag\/en\/\"},{\"@type\":\"ListItem\",\"position\":2,\"name\":\"Za\u0161tita osobnih podataka\"}]},{\"@type\":\"WebSite\",\"@id\":\"https:\/\/petrans-prikolice.hr\/lag\/#website\",\"url\":\"https:\/\/petrans-prikolice.hr\/lag\/\",\"name\":\"Petrans prikolice d.o.o.\",\"description\":\"\",\"potentialAction\":[{\"@type\":\"SearchAction\",\"target\":{\"@type\":\"EntryPoint\",\"urlTemplate\":\"https:\/\/petrans-prikolice.hr\/lag\/?s={search_term_string}\"},\"query-input\":\"required name=search_term_string\"}],\"inLanguage\":\"en-US\"}]}<\/script>\n<!-- \/ Yoast SEO plugin. -->","yoast_head_json":{"title":"Za\u0161tita osobnih podataka - Petrans prikolice d.o.o.","robots":{"index":"index","follow":"follow","max-snippet":"max-snippet:-1","max-image-preview":"max-image-preview:large","max-video-preview":"max-video-preview:-1"},"canonical":"https:\/\/petrans-prikolice.hr\/lag\/politika-privatnosti\/","og_locale":"en_US","og_type":"article","og_title":"Za\u0161tita osobnih podataka - Petrans prikolice d.o.o.","og_description":"Vlasnik i administrator web stranice www.petrans-prikolice.hr i svih mogu\u0107ih podstranica te web stranice (&#8220;Web stranica&#8221;) je tvrtka Petrans prikolice d.o.o., Karlova\u010dka cesta 217, 10000 Zagreb. Pristup i kori\u0161tenje Web stranice dopu\u0161teni su pod uvjetima odre\u0111enima va\u017ee\u0107im zakonodavstvom, ovim Op\u0107im uvjetima kori\u0161tenja web stranice (&#8220;Op\u0107i uvjeti kori\u0161tenja&#8221;) te drugim propisima na koje se pozivaju ovi Op\u0107i [&hellip;]","og_url":"https:\/\/petrans-prikolice.hr\/lag\/politika-privatnosti\/","og_site_name":"Petrans prikolice d.o.o.","article_modified_time":"2024-05-22T07:12:36+00:00","twitter_card":"summary_large_image","twitter_misc":{"Est. reading time":"2 minutes"},"schema":{"@context":"https:\/\/schema.org","@graph":[{"@type":"WebPage","@id":"https:\/\/petrans-prikolice.hr\/lag\/politika-privatnosti\/","url":"https:\/\/petrans-prikolice.hr\/lag\/politika-privatnosti\/","name":"Za\u0161tita osobnih podataka - Petrans prikolice d.o.o.","isPartOf":{"@id":"https:\/\/petrans-prikolice.hr\/lag\/#website"},"datePublished":"2024-05-22T07:03:00+00:00","dateModified":"2024-05-22T07:12:36+00:00","breadcrumb":{"@id":"https:\/\/petrans-prikolice.hr\/lag\/politika-privatnosti\/#breadcrumb"},"inLanguage":"en-US","potentialAction":[{"@type":"ReadAction","target":["https:\/\/petrans-prikolice.hr\/lag\/politika-privatnosti\/"]}]},{"@type":"BreadcrumbList","@id":"https:\/\/petrans-prikolice.hr\/lag\/politika-privatnosti\/#breadcrumb","itemListElement":[{"@type":"ListItem","position":1,"name":"Home","item":"http:\/\/petrans-prikolice.hr\/lag\/en\/"},{"@type":"ListItem","position":2,"name":"Za\u0161tita osobnih podataka"}]},{"@type":"WebSite","@id":"https:\/\/petrans-prikolice.hr\/lag\/#website","url":"https:\/\/petrans-prikolice.hr\/lag\/","name":"Petrans prikolice d.o.o.","description":"","potentialAction":[{"@type":"SearchAction","target":{"@type":"EntryPoint","urlTemplate":"https:\/\/petrans-prikolice.hr\/lag\/?s={search_term_string}"},"query-input":"required name=search_term_string"}],"inLanguage":"en-US"}]}},"lang":"hr","translations":{"hr":2149,"en":2151},"pll_sync_post":[],"_links":{"self":[{"href":"https:\/\/petrans-prikolice.hr\/lag\/wp-json\/wp\/v2\/pages\/2149"}],"collection":[{"href":"https:\/\/petrans-prikolice.hr\/lag\/wp-json\/wp\/v2\/pages"}],"about":[{"href":"https:\/\/petrans-prikolice.hr\/lag\/wp-json\/wp\/v2\/types\/page"}],"author":[{"embeddable":true,"href":"https:\/\/petrans-prikolice.hr\/lag\/wp-json\/wp\/v2\/users\/1"}],"replies":[{"embeddable":true,"href":"https:\/\/petrans-prikolice.hr\/lag\/wp-json\/wp\/v2\/comments?post=2149"}],"version-history":[{"count":1,"href":"https:\/\/petrans-prikolice.hr\/lag\/wp-json\/wp\/v2\/pages\/2149\/revisions"}],"predecessor-version":[{"id":2150,"href":"https:\/\/petrans-prikolice.hr\/lag\/wp-json\/wp\/v2\/pages\/2149\/revisions\/2150"}],"wp:attachment":[{"href":"https:\/\/petrans-prikolice.hr\/lag\/wp-json\/wp\/v2\/media?parent=2149"}],"curies":[{"name":"wp","href":"https:\/\/api.w.org\/{rel}","templated":true}]}}