{"id":2157,"date":"2024-05-22T07:06:15","date_gmt":"2024-05-22T07:06:15","guid":{"rendered":"https:\/\/petrans-prikolice.hr\/lag\/?page_id=2157"},"modified":"2024-05-22T07:13:12","modified_gmt":"2024-05-22T07:13:12","slug":"uvjeti-koristenja-usluga","status":"publish","type":"page","link":"https:\/\/petrans-prikolice.hr\/lag\/uvjeti\/","title":{"rendered":"Uvjeti kori\u0161tenja usluga"},"content":{"rendered":"<p>Vlasnik i administrator web stranice www.petrans-prikolice.hr i svih mogu\u0107ih podstranica te web stranice (&#8220;Web stranica&#8221;) je tvrtka Petrans Prikolice d.o.o., Karlova\u010dka cesta 217, 10000 Zagreb, Hrvatska.<\/p>\n<p>Pristup i kori\u0161tenje Web stranice dopu\u0161teni su pod uvjetima odre\u0111enima va\u017ee\u0107im zakonodavstvom, ovim Op\u0107im uvjetima kori\u0161tenja web stranice (&#8220;Op\u0107i uvjeti kori\u0161tenja&#8221;) te drugim propisima na koje se pozivaju ovi Op\u0107i uvjeti kori\u0161tenja.<\/p>\n<p>Sadr\u017eaj Web stranice<br \/>\nNastojimo da sadr\u017eaj Web stranice bude a\u017euran i sadr\u017ei to\u010dne informacije i materijale, ali ne mo\u017eemo jam\u010diti za njihovu to\u010dnost, potpunost i a\u017euriranost niti smo na to obvezani. Ne snosimo odgovornost za \u0161tetu nastalu zbog nedostupnosti, promjene, nedostataka, pogre\u0161aka ili zastarjelosti informacija objavljenih na Web stranici. Tako\u0111er ne mo\u017eemo jam\u010diti da \u0107e Web stranica ili bilo koji njezin sadr\u017eaj uvijek biti dostupni ili da \u0107e pristup biti nesmetan. Web stranicu ili njezine dijelove mo\u017eemo u bilo kojem trenutku ukloniti ili promijeniti bez prethodne najave.<\/p>\n<p>Sadr\u017eaj objavljen na Web stranici ima op\u0107enitu informativnu svrhu. Ne snosimo odgovornost za kori\u0161tenje informacija objavljenih na na\u0161oj web stranici. Ako Web stranica sadr\u017ei poveznice na druge web stranice i sadr\u017eaje na tim web stranicama, takve poveznice su samo informativne prirode. Nemamo kontrolu ili utjecaj na sadr\u017eaj tih web stranica.<\/p>\n<p>Ako \u017eelite dobiti vi\u0161e informacija o sadr\u017eaju objavljenom na web stranici, kontaktirajte nas na Damir.milkovic@petrans-prikolice.hr.<\/p>\n<p>Prava intelektualnog vlasni\u0161tva<br \/>\nImamo sva autorska prava na sadr\u017eaj objavljen na Web stranici. Mo\u017eete ispisivati, kopirati ili spremiti dijelove Web stranice za privatnu uporabu. Materijale na Web stranici ne smijete koristiti u poslovne svrhe bez na\u0161eg prethodnog pisanog odobrenja.<\/p>\n<p>Na web stranici koju posjedujete, mo\u017eete stvarati poveznice na na\u0161u po\u010detnu Web stranicu na na\u010din koji je u skladu s pravom i ne \u0161teti na\u0161em ugledu, imid\u017eu ili poslovanju, niti se ne smijete<\/p>\n","protected":false},"excerpt":{"rendered":"<p>Vlasnik i administrator web stranice www.petrans-prikolice.hr i svih mogu\u0107ih podstranica te web stranice (&#8220;Web stranica&#8221;) je tvrtka Petrans Prikolice d.o.o., Karlova\u010dka cesta 217, 10000 Zagreb, Hrvatska. Pristup i kori\u0161tenje Web stranice dopu\u0161teni su pod uvjetima odre\u0111enima va\u017ee\u0107im zakonodavstvom, ovim Op\u0107im uvjetima kori\u0161tenja web stranice (&#8220;Op\u0107i uvjeti kori\u0161tenja&#8221;) te drugim propisima na koje se pozivaju ovi [&hellip;]<\/p>\n","protected":false},"author":1,"featured_media":0,"parent":0,"menu_order":0,"comment_status":"closed","ping_status":"closed","template":"","meta":{"footnotes":"","_breakdance_hide_in_design_set":false,"_breakdance_tags":""},"acf":[],"yoast_head":"<!-- This site is optimized with the Yoast SEO plugin v22.6 - https:\/\/yoast.com\/wordpress\/plugins\/seo\/ -->\n<title>Uvjeti kori\u0161tenja usluga - Petrans prikolice d.o.o.<\/title>\n<meta name=\"robots\" content=\"index, follow, max-snippet:-1, max-image-preview:large, max-video-preview:-1\" \/>\n<link rel=\"canonical\" href=\"https:\/\/petrans-prikolice.hr\/lag\/uvjeti\/\" \/>\n<meta property=\"og:locale\" content=\"en_US\" \/>\n<meta property=\"og:type\" content=\"article\" \/>\n<meta property=\"og:title\" content=\"Uvjeti kori\u0161tenja usluga - Petrans prikolice d.o.o.\" \/>\n<meta property=\"og:description\" content=\"Vlasnik i administrator web stranice www.petrans-prikolice.hr i svih mogu\u0107ih podstranica te web stranice (&#8220;Web stranica&#8221;) je tvrtka Petrans Prikolice d.o.o., Karlova\u010dka cesta 217, 10000 Zagreb, Hrvatska. Pristup i kori\u0161tenje Web stranice dopu\u0161teni su pod uvjetima odre\u0111enima va\u017ee\u0107im zakonodavstvom, ovim Op\u0107im uvjetima kori\u0161tenja web stranice (&#8220;Op\u0107i uvjeti kori\u0161tenja&#8221;) te drugim propisima na koje se pozivaju ovi [&hellip;]\" \/>\n<meta property=\"og:url\" content=\"https:\/\/petrans-prikolice.hr\/lag\/uvjeti\/\" \/>\n<meta property=\"og:site_name\" content=\"Petrans prikolice d.o.o.\" \/>\n<meta property=\"article:modified_time\" content=\"2024-05-22T07:13:12+00:00\" \/>\n<meta name=\"twitter:card\" content=\"summary_large_image\" \/>\n<meta name=\"twitter:label1\" content=\"Est. reading time\" \/>\n\t<meta name=\"twitter:data1\" content=\"2 minutes\" \/>\n<script type=\"application\/ld+json\" class=\"yoast-schema-graph\">{\"@context\":\"https:\/\/schema.org\",\"@graph\":[{\"@type\":\"WebPage\",\"@id\":\"https:\/\/petrans-prikolice.hr\/lag\/uvjeti\/\",\"url\":\"https:\/\/petrans-prikolice.hr\/lag\/uvjeti\/\",\"name\":\"Uvjeti kori\u0161tenja usluga - Petrans prikolice d.o.o.\",\"isPartOf\":{\"@id\":\"https:\/\/petrans-prikolice.hr\/lag\/#website\"},\"datePublished\":\"2024-05-22T07:06:15+00:00\",\"dateModified\":\"2024-05-22T07:13:12+00:00\",\"breadcrumb\":{\"@id\":\"https:\/\/petrans-prikolice.hr\/lag\/uvjeti\/#breadcrumb\"},\"inLanguage\":\"en-US\",\"potentialAction\":[{\"@type\":\"ReadAction\",\"target\":[\"https:\/\/petrans-prikolice.hr\/lag\/uvjeti\/\"]}]},{\"@type\":\"BreadcrumbList\",\"@id\":\"https:\/\/petrans-prikolice.hr\/lag\/uvjeti\/#breadcrumb\",\"itemListElement\":[{\"@type\":\"ListItem\",\"position\":1,\"name\":\"Home\",\"item\":\"http:\/\/petrans-prikolice.hr\/lag\/en\/\"},{\"@type\":\"ListItem\",\"position\":2,\"name\":\"Uvjeti kori\u0161tenja usluga\"}]},{\"@type\":\"WebSite\",\"@id\":\"https:\/\/petrans-prikolice.hr\/lag\/#website\",\"url\":\"https:\/\/petrans-prikolice.hr\/lag\/\",\"name\":\"Petrans prikolice d.o.o.\",\"description\":\"\",\"potentialAction\":[{\"@type\":\"SearchAction\",\"target\":{\"@type\":\"EntryPoint\",\"urlTemplate\":\"https:\/\/petrans-prikolice.hr\/lag\/?s={search_term_string}\"},\"query-input\":\"required name=search_term_string\"}],\"inLanguage\":\"en-US\"}]}<\/script>\n<!-- \/ Yoast SEO plugin. -->","yoast_head_json":{"title":"Uvjeti kori\u0161tenja usluga - Petrans prikolice d.o.o.","robots":{"index":"index","follow":"follow","max-snippet":"max-snippet:-1","max-image-preview":"max-image-preview:large","max-video-preview":"max-video-preview:-1"},"canonical":"https:\/\/petrans-prikolice.hr\/lag\/uvjeti\/","og_locale":"en_US","og_type":"article","og_title":"Uvjeti kori\u0161tenja usluga - Petrans prikolice d.o.o.","og_description":"Vlasnik i administrator web stranice www.petrans-prikolice.hr i svih mogu\u0107ih podstranica te web stranice (&#8220;Web stranica&#8221;) je tvrtka Petrans Prikolice d.o.o., Karlova\u010dka cesta 217, 10000 Zagreb, Hrvatska. Pristup i kori\u0161tenje Web stranice dopu\u0161teni su pod uvjetima odre\u0111enima va\u017ee\u0107im zakonodavstvom, ovim Op\u0107im uvjetima kori\u0161tenja web stranice (&#8220;Op\u0107i uvjeti kori\u0161tenja&#8221;) te drugim propisima na koje se pozivaju ovi [&hellip;]","og_url":"https:\/\/petrans-prikolice.hr\/lag\/uvjeti\/","og_site_name":"Petrans prikolice d.o.o.","article_modified_time":"2024-05-22T07:13:12+00:00","twitter_card":"summary_large_image","twitter_misc":{"Est. reading time":"2 minutes"},"schema":{"@context":"https:\/\/schema.org","@graph":[{"@type":"WebPage","@id":"https:\/\/petrans-prikolice.hr\/lag\/uvjeti\/","url":"https:\/\/petrans-prikolice.hr\/lag\/uvjeti\/","name":"Uvjeti kori\u0161tenja usluga - Petrans prikolice d.o.o.","isPartOf":{"@id":"https:\/\/petrans-prikolice.hr\/lag\/#website"},"datePublished":"2024-05-22T07:06:15+00:00","dateModified":"2024-05-22T07:13:12+00:00","breadcrumb":{"@id":"https:\/\/petrans-prikolice.hr\/lag\/uvjeti\/#breadcrumb"},"inLanguage":"en-US","potentialAction":[{"@type":"ReadAction","target":["https:\/\/petrans-prikolice.hr\/lag\/uvjeti\/"]}]},{"@type":"BreadcrumbList","@id":"https:\/\/petrans-prikolice.hr\/lag\/uvjeti\/#breadcrumb","itemListElement":[{"@type":"ListItem","position":1,"name":"Home","item":"http:\/\/petrans-prikolice.hr\/lag\/en\/"},{"@type":"ListItem","position":2,"name":"Uvjeti kori\u0161tenja usluga"}]},{"@type":"WebSite","@id":"https:\/\/petrans-prikolice.hr\/lag\/#website","url":"https:\/\/petrans-prikolice.hr\/lag\/","name":"Petrans prikolice d.o.o.","description":"","potentialAction":[{"@type":"SearchAction","target":{"@type":"EntryPoint","urlTemplate":"https:\/\/petrans-prikolice.hr\/lag\/?s={search_term_string}"},"query-input":"required name=search_term_string"}],"inLanguage":"en-US"}]}},"lang":"hr","translations":{"hr":2157,"en":2159},"pll_sync_post":[],"_links":{"self":[{"href":"https:\/\/petrans-prikolice.hr\/lag\/wp-json\/wp\/v2\/pages\/2157"}],"collection":[{"href":"https:\/\/petrans-prikolice.hr\/lag\/wp-json\/wp\/v2\/pages"}],"about":[{"href":"https:\/\/petrans-prikolice.hr\/lag\/wp-json\/wp\/v2\/types\/page"}],"author":[{"embeddable":true,"href":"https:\/\/petrans-prikolice.hr\/lag\/wp-json\/wp\/v2\/users\/1"}],"replies":[{"embeddable":true,"href":"https:\/\/petrans-prikolice.hr\/lag\/wp-json\/wp\/v2\/comments?post=2157"}],"version-history":[{"count":1,"href":"https:\/\/petrans-prikolice.hr\/lag\/wp-json\/wp\/v2\/pages\/2157\/revisions"}],"predecessor-version":[{"id":2158,"href":"https:\/\/petrans-prikolice.hr\/lag\/wp-json\/wp\/v2\/pages\/2157\/revisions\/2158"}],"wp:attachment":[{"href":"https:\/\/petrans-prikolice.hr\/lag\/wp-json\/wp\/v2\/media?parent=2157"}],"curies":[{"name":"wp","href":"https:\/\/api.w.org\/{rel}","templated":true}]}}