{"id":2166,"date":"2024-05-22T07:17:39","date_gmt":"2024-05-22T07:17:39","guid":{"rendered":"https:\/\/petrans-prikolice.hr\/lag\/?page_id=2166"},"modified":"2024-05-22T07:18:20","modified_gmt":"2024-05-22T07:18:20","slug":"zvizdaci","status":"publish","type":"page","link":"https:\/\/petrans-prikolice.hr\/lag\/zvizdaci\/","title":{"rendered":"Zvizda\u010di"},"content":{"rendered":"<p>Direktor tvrtke Petrans Prikolice d.o.o., Peter Katra\u0161nik, kao obveznik uspostavljanja unutarnjeg kanala za prijavu, prihva\u0107a sljede\u0107e<\/p>\n<p>PRAVILNIK O USPOSTAVI UNUTARNJEG KANALA ZA PRIJAVU KR\u0160ENJA PROPISA I ZA\u0160TITE PRIJAVITELJA<\/p>\n<p><strong>1. \u010dlanak<\/strong><\/p>\n<p>(op\u0107e odredbe)<\/p>\n<p>Petrans Prikolice d.o.o. (u daljnjem tekstu: obveznik) s ciljem osiguranja informacija o postupku obrade unutarnje prijave sukladno Zakonu o za\u0161titi prijavitelja, koje moraju omogu\u0107iti potpunost, cjelovitost i povjerljivost informacija te sprije\u010diti neovla\u0161tenim osobama obveznika pristup sadr\u017eaju prijava, podacima o prijavitelju i osobama na koje se prijava odnosi, donosi Pravilnik o uspostavi unutarnjeg kanala za prijavu kr\u0161enja propisa i za\u0161tite prijavitelja (u daljnjem tekstu: Pravilnik).<\/p>\n<p>Uprava obveznika svjesna je va\u017enosti eti\u010dkog i zakonitog poslovanja te se obvezuje:<\/p>\n<p>da ne\u0107e poku\u0161avati otkriti identitet prijavitelja;<\/p>\n<p>da ne\u0107e poduzimati odmazdu, a zabranjuje i zaposlenicima tvrtke Petrans Prikolice d.o.o. da je poduzimaju;<\/p>\n<p>da \u0107e poticati zaposlenike da gre\u0161ke i eventualna kr\u0161enja, \u010dak i sumnjive, prijave putem unutarnjeg kanala za prijave jer \u0107e se na taj na\u010din prijave u\u010dinkovito obraditi i gre\u0161ke i kr\u0161enja brzo ispraviti.<\/p>\n<p><strong>2. \u010dlanak<\/strong><\/p>\n<p>(Imenovanje administrativnog osoblja)<\/p>\n<p>Povjereniku mo\u017ee pomagati administrativno osoblje koje imenuje direktor odlukom.<\/p>\n<p>Administrativno osoblje obavlja zadatke i na podru\u010dju primanja i evidentiranja internih prijava.<\/p>\n<p><strong>4. \u010dlanak<\/strong><\/p>\n<p>(Kontaktni podaci za prijavu)<\/p>\n<p>Prijave se obi\u010dajno podnose na obrascu iz Priloga 2 ovog Pravilnika te se primaju na sljede\u0107e na\u010dine i adrese:<\/p>\n<ul>\n<li>putem e-po\u0161te na adresu:\u00a0<a href=\"mailto:damir.milkovic@petrans-prikolice.hr\"><strong><u>damir.milkovic@petrans-prikolice.hr<\/u><\/strong><\/a><\/li>\n<li>osobno kod povjerenika prethodnim naru\u010divanjem putem telefona ili e-po\u0161te.<\/li>\n<\/ul>\n<p><strong>5. \u010dlanak<\/strong><\/p>\n<p>(Kontaktni podaci za primanje prijava)<\/p>\n<p>Prijave se obi\u010dajno podnose na obrascu iz Priloga 2 ovog Pravilnika i primaju na sljede\u0107e na\u010dine i adrese:<\/p>\n<p>putem e-po\u0161te na adresu:\u00a0<a href=\"mailto:damir.milkovic@petrans-prikolice.hr\"><strong><u>damir.milkovic@petrans-prikolice.hr<\/u><\/strong><\/a><\/p>\n<p>osobno kod povjerenika prethodnim dogovorom putem telefona ili e-po\u0161te<\/p>\n<p><strong>5. \u010dlanak<\/strong><\/p>\n<p>(Postupak primanja interne prijave)<\/p>\n<p>Prijavitelj mo\u017ee podnijeti prijavu pismeno ili usmeno (telefonski ili osobni putem).<\/p>\n<p>Kada prijavitelj osobno ili telefonski podnese prijavu, povjerenik mo\u017ee snimiti izjavu. Prijavitelja se obavje\u0161tava o snimanju razgovora prije zapo\u010dinjanja snimanja.<\/p>\n<p>U slu\u010daju usmenog podno\u0161enja prijave koje se ne snima, povjerenik izra\u0111uje precizan zapis prijave i dostavlja ga prijavitelju na pregled i potpis.<\/p>\n<p><strong>6. \u010dlanak<\/strong><\/p>\n<p>(Evidentiranje prijave)<\/p>\n<p>Povjerenik (ili ovla\u0161teno administrativno osoblje) evidentira prijavu u ru\u010dnom evidencijskom zapisniku koji se vodi u Excel tablici za svaku godinu, odvojeno od ostalih predmeta, kako bi bio nedostupan neovla\u0161tenim osobama.<\/p>\n<p>Evidencija primljenih prijava (evidencijski podaci) sadr\u017ei sljede\u0107e informacije:<\/p>\n<ol>\n<li>broj predmeta, datum primitka prijave, podru\u010dje kr\u0161enja, datum potvrde primitka prijave, datum povratne informacije prijavitelju, datum izvje\u0161\u0107ivanja uprave, o prijavitelju, posredniku, povezanim osobama, podacima o osobi koju prijava zahva\u0107a i osobama koje mogu pomo\u0107i u istrazi prijavljenog kr\u0161enja (pravo ime ili pseudonim, po\u0161tanska adresa, adresa e-po\u0161te, telefonski broj i druge kontakte)<\/li>\n<\/ol>\n<p>materijal prilo\u017een od strane osoba iz prethodnog stavka, materijal nastao u postupku obrade prijave, uklju\u010duju\u0107i snimku ili zapis razgovora ili poziva u slu\u010daju usmenog podno\u0161enja prijave.<\/p>\n<p>Podaci o prijavitelju i izvoru kr\u0161enja bilje\u017ee se na na\u010din koji omogu\u0107uje njihovo kasnije jednostavno brisanje ili uni\u0161tavanje (npr. na zasebnom popisu s poveznicom broja predmeta ili upotrebom kodnog imena).<\/p>\n<p>Elektroni\u010dka prijava s prilozima \u010duva se u informacijskom sustavu, a fizi\u010dka prijava \u010duva se u posebnom zaklju\u010danom ormari\u0107u u povjerenikovom uredu. Fizi\u010dka prijava se tretira po pitanju pohrane i postupanja fizi\u010dki i tehni\u010dki kao da se radi o tajnom podatku interne ili poslovne tajne.<\/p>\n<p>Podaci o prijavitelju i izvoru kr\u0161enja bri\u0161u se iz evidencije nakon pet godina, a izvje\u0161\u0107e upravi i evidencijski podaci \u010duvaju se 10 godina.<\/p>\n<p><strong>7. \u010dlanak<\/strong><\/p>\n<p>(Zadaci povjerenika i za\u0161tita prijavitelja)<\/p>\n<p>Povjerenik postupa pa\u017eljivo, povjerljivo i neovisno o uputama u pojedina\u010dnim slu\u010dajevima. Povjerenik ne smije otkriti identitet prijavitelja, osim u uvjetima utvr\u0111enim Zakonom o za\u0161titi prijavitelja.<\/p>\n<p>Povjerenik ima pristup dokumentima relevantnim za obradu prijave, a zaposlenici su du\u017eni pru\u017eiti mu pomo\u0107 i informacije potrebne za njegov rad. Povjerenik koristi podatke s kojima se upozna samo u svrhu obrade prijave i otklanjanja kr\u0161enja.<\/p>\n<p>Povjerenik obavlja zadatke utvr\u0111ene \u010dlankom 10 Zakona o za\u0161titi prijavitelja, uklju\u010duju\u0107i savjetovanje i pomo\u0107 prijavitelju u vezi s povratnim mjerama i ovim aktom.<\/p>\n<p>Prijavitelj mo\u017ee zatra\u017eiti od povjerenika poja\u0161njenja o za\u0161titi u slu\u010daju zabranjenih povratnih mjera, kako je odre\u0111eno u 7. poglavlju Zakona o za\u0161titi prijavitelja.<\/p>\n<p><strong>8. \u010dlanak<\/strong><\/p>\n<p>(Postupak obrade interne prijave)<\/p>\n<p>Povjerenik obradu prijava provodi prema redoslijedu njihova primanja.<\/p>\n<p>U slu\u010daju sumnje na ugro\u017eavanje ljudskog \u017eivota ili ve\u0107e materijalne \u0161tete na temelju prijave, povjerenik prijavu obradi prioritetno.<\/p>\n<p><strong>10. \u010dlanak<\/strong><\/p>\n<p>(Obrada prijave)<\/p>\n<p>Povjerenik ima obvezu informirati prijavitelja o mogu\u0107nostima internog i eksternog prijavljivanja i javnog otkrivanja te za\u0161tite pri povratnim mjerama.<\/p>\n<p>Povjerenik pregledava prijavu i utvr\u0111uje koja osoba ili interni organizacijski odjel u Petrans Prikolice d.o.o. ima nadle\u017enost za rje\u0161avanje kr\u0161enja na koje se prijava odnosi. Obavje\u0161tava voditelja nadle\u017enog odjela o opisu prijavljenog kr\u0161enja i svojim prijedlozima mjera. U obavijesti ozna\u010dava da se radi o obradi prijave sukladno Zakonu o za\u0161titi prijavitelja te odre\u0111uje rok za povratne informacije o provedenim ili predlo\u017eenim mjerama za rje\u0161avanje kr\u0161enja i protiv po\u010dinitelja.<\/p>\n<p>Povjerenik, prema vlastitoj procjeni ili na prijedlog voditelja odjela za rje\u0161avanje kr\u0161enja, mo\u017ee obaviti razgovor s prijaviteljem i osobom na koju se prijava odnosi radi utvr\u0111ivanja okolnosti koje su va\u017ene za identifikaciju i rje\u0161avanje kr\u0161enja.<\/p>\n<p>Povjerenik zavr\u0161ava obradu prijave u roku od tri mjeseca od njezinog primitka izvje\u0161\u0107em o zavr\u0161enoj obradi u kojem navodi je li prijava neosnovana ili iz kojih razloga, te ako je prijava osnovana, navodi predlo\u017eene i provedene mjere za prekid kr\u0161enja, otklanjanje posljedica kr\u0161enja i sprje\u010davanje budu\u0107ih kr\u0161enja, svoje zaklju\u010dke o uspje\u0161nosti provedbe predlo\u017eenih mjera te eventualne predlo\u017eene i provedene mjere za za\u0161titu prijavitelja.<\/p>\n<p>Povjerenik pri zavr\u0161etku obrade prijave, najkasnije u roku od tri mjeseca od primitka prijave, obavje\u0161tava prijavitelja o osnovanosti prijave, predlo\u017eenim i provedenim mjerama, ishodu postupka ili stanju postupka s internom prijavom ako postupci za otklanjanje kr\u0161enja nisu zavr\u0161eni u roku od tri mjeseca. Usmeno obavje\u0161tenje evidentira se bilje\u0161kom u evidenciji prijava.<\/p>\n<p>Povjerenik postupa sukladno prethodnom stavku i u slu\u010daju anonimne prijave, ako je prijavitelj nazna\u010dio gdje se treba poslati obavijest iz prethodnog stavka.<\/p>\n<p><strong>11. \u010dlanak<\/strong><\/p>\n<p>(Obavje\u0161\u0107ivanje uprave)<\/p>\n<p>Povjerenik nakon pru\u017eanja povratnih informacija prijavitelju ili najkasnije u roku od mjesec dana priprema izvje\u0161\u0107e za upravu. U izvje\u0161\u0107u opisuje prijavljeno kr\u0161enje, predlo\u017eene i provedene mjere za njegovo otklanjanje te procjenjuje rizik od budu\u0107ih kr\u0161enja. U izvje\u0161\u0107u ne smije navesti podatke o prijavitelju ili po\u010dinitelju.<\/p>\n<p>Povjerenik na temelju pisanog poziva direktora priprema izvje\u0161\u0107e o prijavi prije isteka roka iz prethodnog stavka.<\/p>\n<p><strong>12.\u010dlanak<\/strong><\/p>\n<p>(Godi\u0161nje izvje\u0161\u0107e)<\/p>\n<p>Povjerenik do 1. velja\u010de teku\u0107e godine za prethodnu kalendarsku godinu priprema nacrt statisti\u010dkog izvje\u0161\u0107a za Povjerenstvo za spre\u010davanje korupcije, s sadr\u017eajem koji je u skladu s \u0161esnaestim stavkom 9. \u010dlanka Zakona o za\u0161titi prijavitelja.<\/p>\n<p>Na temelju nacrta statisti\u010dkog izvje\u0161\u0107a iz prethodnog stavka, obveznik do 1. o\u017eujka teku\u0107e godine dostavlja tra\u017eene podatke Povjerenstvu za spre\u010davanje korupcije putem elektroni\u010dkog obrasca, uz navo\u0111enje podataka o povjereniku.<\/p>\n<p><strong>13. \u010dlanak<\/strong><\/p>\n<p>(Eksterna prijava)<\/p>\n<p>Prijavitelj mo\u017ee podnijeti prijavu izravno putem vanjskog kanala za prijavljivanje ako nije uspostavljen interni kanal za prijavu, ako se interna prijava ne mo\u017ee u\u010dinkovito rije\u0161iti ili ako prijavitelj smatra da postoji rizik od povratnih mjera u slu\u010daju interne prijave.<\/p>\n<p>Prijavitelj mo\u017ee javno otkriti kr\u0161enje pod uvjetima iz \u010dlanka 18. Zakona o za\u0161titi prijavitelja.<\/p>\n<p><strong>14. \u010dlanak<\/strong><\/p>\n<p>(Informiranje zaposlenika i drugih osoba u radnom okru\u017eenju obveznika)<\/p>\n<p>Osoba za administrativnu pomo\u0107 u dogovoru s povjerenikom priprema i a\u017eurira sadr\u017eaj web stranice.<\/p>\n<p>Sadr\u017eaji se objavljuju na oglasnoj plo\u010di u prostorijama Petrans Prikolice d.o.o. i na web stranici na adresi:\u00a0<a href=\"http:\/\/www.petrans-prikolice.hr\/\"><strong><u>www.petrans-prikolice.hr<\/u><\/strong><\/a>.<\/p>\n<p><strong>15. \u010dlanak<\/strong><\/p>\n<p>(A\u017euriranje dokumenta)<\/p>\n<p>Promjene i dopune ovog Pravilnika donose se na isti na\u010din kao i Pravilnik.<\/p>\n<p><strong>16. \u010dlanak<\/strong><\/p>\n<p>(Po\u010detak va\u017eenja i objava)<\/p>\n<p>Akt stupa na snagu 15.12.2023.<\/p>\n<p>Ovaj interni akt s prilozima objavljuje se na oglasnoj plo\u010di i dostupan je u kadrovskoj slu\u017ebi.<\/p>\n<p>Petrans Prikolice d.o.o.<\/p>\n","protected":false},"excerpt":{"rendered":"<p>Direktor tvrtke Petrans Prikolice d.o.o., Peter Katra\u0161nik, kao obveznik uspostavljanja unutarnjeg kanala za prijavu, prihva\u0107a sljede\u0107e PRAVILNIK O USPOSTAVI UNUTARNJEG KANALA ZA PRIJAVU KR\u0160ENJA PROPISA I ZA\u0160TITE PRIJAVITELJA 1. \u010dlanak (op\u0107e odredbe) Petrans Prikolice d.o.o. (u daljnjem tekstu: obveznik) s ciljem osiguranja informacija o postupku obrade unutarnje prijave sukladno Zakonu o za\u0161titi prijavitelja, koje moraju [&hellip;]<\/p>\n","protected":false},"author":1,"featured_media":0,"parent":0,"menu_order":0,"comment_status":"closed","ping_status":"closed","template":"","meta":{"footnotes":"","_breakdance_hide_in_design_set":false,"_breakdance_tags":""},"acf":[],"yoast_head":"<!-- This site is optimized with the Yoast SEO plugin v22.6 - https:\/\/yoast.com\/wordpress\/plugins\/seo\/ -->\n<title>Zvizda\u010di - Petrans prikolice d.o.o.<\/title>\n<meta name=\"robots\" content=\"index, follow, max-snippet:-1, max-image-preview:large, max-video-preview:-1\" \/>\n<link rel=\"canonical\" href=\"https:\/\/petrans-prikolice.hr\/lag\/zvizdaci\/\" \/>\n<meta property=\"og:locale\" content=\"en_US\" \/>\n<meta property=\"og:type\" content=\"article\" \/>\n<meta property=\"og:title\" content=\"Zvizda\u010di - Petrans prikolice d.o.o.\" \/>\n<meta property=\"og:description\" content=\"Direktor tvrtke Petrans Prikolice d.o.o., Peter Katra\u0161nik, kao obveznik uspostavljanja unutarnjeg kanala za prijavu, prihva\u0107a sljede\u0107e PRAVILNIK O USPOSTAVI UNUTARNJEG KANALA ZA PRIJAVU KR\u0160ENJA PROPISA I ZA\u0160TITE PRIJAVITELJA 1. \u010dlanak (op\u0107e odredbe) Petrans Prikolice d.o.o. (u daljnjem tekstu: obveznik) s ciljem osiguranja informacija o postupku obrade unutarnje prijave sukladno Zakonu o za\u0161titi prijavitelja, koje moraju [&hellip;]\" \/>\n<meta property=\"og:url\" content=\"https:\/\/petrans-prikolice.hr\/lag\/zvizdaci\/\" \/>\n<meta property=\"og:site_name\" content=\"Petrans prikolice d.o.o.\" \/>\n<meta property=\"article:modified_time\" content=\"2024-05-22T07:18:20+00:00\" \/>\n<meta name=\"twitter:card\" content=\"summary_large_image\" \/>\n<meta name=\"twitter:label1\" content=\"Est. reading time\" \/>\n\t<meta name=\"twitter:data1\" content=\"8 minutes\" \/>\n<script type=\"application\/ld+json\" class=\"yoast-schema-graph\">{\"@context\":\"https:\/\/schema.org\",\"@graph\":[{\"@type\":\"WebPage\",\"@id\":\"https:\/\/petrans-prikolice.hr\/lag\/zvizdaci\/\",\"url\":\"https:\/\/petrans-prikolice.hr\/lag\/zvizdaci\/\",\"name\":\"Zvizda\u010di - Petrans prikolice d.o.o.\",\"isPartOf\":{\"@id\":\"https:\/\/petrans-prikolice.hr\/lag\/#website\"},\"datePublished\":\"2024-05-22T07:17:39+00:00\",\"dateModified\":\"2024-05-22T07:18:20+00:00\",\"breadcrumb\":{\"@id\":\"https:\/\/petrans-prikolice.hr\/lag\/zvizdaci\/#breadcrumb\"},\"inLanguage\":\"en-US\",\"potentialAction\":[{\"@type\":\"ReadAction\",\"target\":[\"https:\/\/petrans-prikolice.hr\/lag\/zvizdaci\/\"]}]},{\"@type\":\"BreadcrumbList\",\"@id\":\"https:\/\/petrans-prikolice.hr\/lag\/zvizdaci\/#breadcrumb\",\"itemListElement\":[{\"@type\":\"ListItem\",\"position\":1,\"name\":\"Home\",\"item\":\"http:\/\/petrans-prikolice.hr\/lag\/en\/\"},{\"@type\":\"ListItem\",\"position\":2,\"name\":\"Zvizda\u010di\"}]},{\"@type\":\"WebSite\",\"@id\":\"https:\/\/petrans-prikolice.hr\/lag\/#website\",\"url\":\"https:\/\/petrans-prikolice.hr\/lag\/\",\"name\":\"Petrans prikolice d.o.o.\",\"description\":\"\",\"potentialAction\":[{\"@type\":\"SearchAction\",\"target\":{\"@type\":\"EntryPoint\",\"urlTemplate\":\"https:\/\/petrans-prikolice.hr\/lag\/?s={search_term_string}\"},\"query-input\":\"required name=search_term_string\"}],\"inLanguage\":\"en-US\"}]}<\/script>\n<!-- \/ Yoast SEO plugin. -->","yoast_head_json":{"title":"Zvizda\u010di - Petrans prikolice d.o.o.","robots":{"index":"index","follow":"follow","max-snippet":"max-snippet:-1","max-image-preview":"max-image-preview:large","max-video-preview":"max-video-preview:-1"},"canonical":"https:\/\/petrans-prikolice.hr\/lag\/zvizdaci\/","og_locale":"en_US","og_type":"article","og_title":"Zvizda\u010di - Petrans prikolice d.o.o.","og_description":"Direktor tvrtke Petrans Prikolice d.o.o., Peter Katra\u0161nik, kao obveznik uspostavljanja unutarnjeg kanala za prijavu, prihva\u0107a sljede\u0107e PRAVILNIK O USPOSTAVI UNUTARNJEG KANALA ZA PRIJAVU KR\u0160ENJA PROPISA I ZA\u0160TITE PRIJAVITELJA 1. \u010dlanak (op\u0107e odredbe) Petrans Prikolice d.o.o. (u daljnjem tekstu: obveznik) s ciljem osiguranja informacija o postupku obrade unutarnje prijave sukladno Zakonu o za\u0161titi prijavitelja, koje moraju [&hellip;]","og_url":"https:\/\/petrans-prikolice.hr\/lag\/zvizdaci\/","og_site_name":"Petrans prikolice d.o.o.","article_modified_time":"2024-05-22T07:18:20+00:00","twitter_card":"summary_large_image","twitter_misc":{"Est. reading time":"8 minutes"},"schema":{"@context":"https:\/\/schema.org","@graph":[{"@type":"WebPage","@id":"https:\/\/petrans-prikolice.hr\/lag\/zvizdaci\/","url":"https:\/\/petrans-prikolice.hr\/lag\/zvizdaci\/","name":"Zvizda\u010di - Petrans prikolice d.o.o.","isPartOf":{"@id":"https:\/\/petrans-prikolice.hr\/lag\/#website"},"datePublished":"2024-05-22T07:17:39+00:00","dateModified":"2024-05-22T07:18:20+00:00","breadcrumb":{"@id":"https:\/\/petrans-prikolice.hr\/lag\/zvizdaci\/#breadcrumb"},"inLanguage":"en-US","potentialAction":[{"@type":"ReadAction","target":["https:\/\/petrans-prikolice.hr\/lag\/zvizdaci\/"]}]},{"@type":"BreadcrumbList","@id":"https:\/\/petrans-prikolice.hr\/lag\/zvizdaci\/#breadcrumb","itemListElement":[{"@type":"ListItem","position":1,"name":"Home","item":"http:\/\/petrans-prikolice.hr\/lag\/en\/"},{"@type":"ListItem","position":2,"name":"Zvizda\u010di"}]},{"@type":"WebSite","@id":"https:\/\/petrans-prikolice.hr\/lag\/#website","url":"https:\/\/petrans-prikolice.hr\/lag\/","name":"Petrans prikolice d.o.o.","description":"","potentialAction":[{"@type":"SearchAction","target":{"@type":"EntryPoint","urlTemplate":"https:\/\/petrans-prikolice.hr\/lag\/?s={search_term_string}"},"query-input":"required name=search_term_string"}],"inLanguage":"en-US"}]}},"lang":"hr","translations":{"hr":2166,"en":2169},"pll_sync_post":[],"_links":{"self":[{"href":"https:\/\/petrans-prikolice.hr\/lag\/wp-json\/wp\/v2\/pages\/2166"}],"collection":[{"href":"https:\/\/petrans-prikolice.hr\/lag\/wp-json\/wp\/v2\/pages"}],"about":[{"href":"https:\/\/petrans-prikolice.hr\/lag\/wp-json\/wp\/v2\/types\/page"}],"author":[{"embeddable":true,"href":"https:\/\/petrans-prikolice.hr\/lag\/wp-json\/wp\/v2\/users\/1"}],"replies":[{"embeddable":true,"href":"https:\/\/petrans-prikolice.hr\/lag\/wp-json\/wp\/v2\/comments?post=2166"}],"version-history":[{"count":2,"href":"https:\/\/petrans-prikolice.hr\/lag\/wp-json\/wp\/v2\/pages\/2166\/revisions"}],"predecessor-version":[{"id":2168,"href":"https:\/\/petrans-prikolice.hr\/lag\/wp-json\/wp\/v2\/pages\/2166\/revisions\/2168"}],"wp:attachment":[{"href":"https:\/\/petrans-prikolice.hr\/lag\/wp-json\/wp\/v2\/media?parent=2166"}],"curies":[{"name":"wp","href":"https:\/\/api.w.org\/{rel}","templated":true}]}}